{"id":151,"date":"2024-12-29T23:31:53","date_gmt":"2024-12-29T22:31:53","guid":{"rendered":"https:\/\/fermedesluys.fr\/?page_id=151"},"modified":"2024-12-29T23:33:34","modified_gmt":"2024-12-29T22:33:34","slug":"on-en-parle","status":"publish","type":"page","link":"https:\/\/fermedesluys.fr\/index.php\/on-en-parle\/","title":{"rendered":"On en parle"},"content":{"rendered":"\n<p>Jeudi 26 d\u00e9cembre 2024, un petit interview o\u00f9 il est question de recycler les coquilles des hu\u00eetres mang\u00e9es pendant les f\u00eates.<\/p>\n\n\n\n<figure class=\"wp-block-audio\"><audio controls src=\"http:\/\/fermedesluys.fr\/wp-content\/uploads\/2024\/12\/NePasJeterLesCoquilles-FranceBleuBearnBigorre.mp3\"><\/audio><\/figure>\n\n\n\n<p><\/p>\n","protected":false},"excerpt":{"rendered":"<p>Jeudi 26 d\u00e9cembre 2024, un petit interview o\u00f9 il est question de recycler les coquilles des hu\u00eetres mang\u00e9es pendant les f\u00eates.<\/p>\n","protected":false},"author":1,"featured_media":0,"parent":0,"menu_order":0,"comment_status":"closed","ping_status":"closed","template":"","meta":{"footnotes":""},"class_list":["post-151","page","type-page","status-publish","hentry"],"_links":{"self":[{"href":"https:\/\/fermedesluys.fr\/index.php\/wp-json\/wp\/v2\/pages\/151","targetHints":{"allow":["GET"]}}],"collection":[{"href":"https:\/\/fermedesluys.fr\/index.php\/wp-json\/wp\/v2\/pages"}],"about":[{"href":"https:\/\/fermedesluys.fr\/index.php\/wp-json\/wp\/v2\/types\/page"}],"author":[{"embeddable":true,"href":"https:\/\/fermedesluys.fr\/index.php\/wp-json\/wp\/v2\/users\/1"}],"replies":[{"embeddable":true,"href":"https:\/\/fermedesluys.fr\/index.php\/wp-json\/wp\/v2\/comments?post=151"}],"version-history":[{"count":4,"href":"https:\/\/fermedesluys.fr\/index.php\/wp-json\/wp\/v2\/pages\/151\/revisions"}],"predecessor-version":[{"id":156,"href":"https:\/\/fermedesluys.fr\/index.php\/wp-json\/wp\/v2\/pages\/151\/revisions\/156"}],"wp:attachment":[{"href":"https:\/\/fermedesluys.fr\/index.php\/wp-json\/wp\/v2\/media?parent=151"}],"curies":[{"name":"wp","href":"https:\/\/api.w.org\/{rel}","templated":true}]}}