{"id":2,"date":"2024-08-16T00:04:22","date_gmt":"2024-08-15T22:04:22","guid":{"rendered":"http:\/\/fermedesluys.fr\/?page_id=2"},"modified":"2025-12-14T22:52:27","modified_gmt":"2025-12-14T21:52:27","slug":"page-d-exemple","status":"publish","type":"page","link":"https:\/\/fermedesluys.fr\/index.php\/page-d-exemple\/","title":{"rendered":"Le champ des Luys"},"content":{"rendered":"\n<p class=\"has-text-color has-link-color has-large-font-size wp-elements-f54481a454c3912452efaf8e10e4f8b0\" style=\"color:#aa0000;margin-top:var(--wp--preset--spacing--20);margin-bottom:var(--wp--preset--spacing--60)\">La ferme \u00e9dite, toutes les semaines, une petite lettre partageant avec qui le veut les nouvelles de l&#8217;exploitation, une fiche sur un des produits de la ferme aussi et surtout le contenu du panier de la semaine.<\/p>\n\n\n\n<blockquote class=\"wp-block-quote is-layout-flow wp-block-quote-is-layout-flow\" style=\"padding-left:var(--wp--preset--spacing--80)\">\n<p class=\"has-vivid-red-color has-text-color has-link-color has-extra-large-font-size wp-elements-8efb712a92b4012a14e3c4930f2f2d76\"><strong>Ann\u00e9e 2025<\/strong><\/p>\n\n\n\n<div class=\"wp-block-file\"><a id=\"wp-block-file--media-4b47560a-8790-4495-83af-dce14961f3c1\" href=\"http:\/\/fermedesluys.fr\/wp-content\/uploads\/2025\/12\/Semaine-5125.pdf\">Le champ des Luys &#8211; 5125<\/a><\/div>\n\n\n\n<div class=\"wp-block-file\"><a id=\"wp-block-file--media-488cd9c0-30ce-4904-ae40-17bdc72c6e5a\" href=\"http:\/\/fermedesluys.fr\/wp-content\/uploads\/2025\/12\/Semaine-5025.pdf\">Le champ des Luys &#8211; 5025<\/a><\/div>\n\n\n\n<div class=\"wp-block-file\"><a id=\"wp-block-file--media-7fa30732-e22c-4ccd-bca6-408ada3b3f33\" href=\"http:\/\/fermedesluys.fr\/wp-content\/uploads\/2025\/12\/Semaine-4925.pdf\">Le champ des Luys &#8211; 4925<\/a><\/div>\n\n\n\n<div class=\"wp-block-file\"><a id=\"wp-block-file--media-dd58eb38-732a-47fe-85dd-631c2226cb95\" href=\"http:\/\/fermedesluys.fr\/wp-content\/uploads\/2025\/11\/Semaine-4825.pdf\">Le champ des Luys &#8211; 4825<\/a><\/div>\n\n\n\n<div class=\"wp-block-file\"><a id=\"wp-block-file--media-f72cc7e2-ceae-4365-98af-38fbec463db1\" href=\"http:\/\/fermedesluys.fr\/wp-content\/uploads\/2025\/11\/Semaine-4725.pdf\">Le champ des Luys &#8211; 4725<\/a><\/div>\n\n\n\n<div class=\"wp-block-file\"><a id=\"wp-block-file--media-a2d95b4b-68c1-4923-bac7-42af01efe9ff\" href=\"http:\/\/fermedesluys.fr\/wp-content\/uploads\/2025\/11\/Semaine-4625.pdf\">Le champ des Luys &#8211; 4625<\/a><\/div>\n\n\n\n<div class=\"wp-block-file\"><a id=\"wp-block-file--media-043aa0ff-99ea-409c-b6be-c7c904ab3fb1\" href=\"http:\/\/fermedesluys.fr\/wp-content\/uploads\/2025\/11\/Semaine-4525.pdf\">Le champ des Luys &#8211; 4525<\/a><\/div>\n\n\n\n<p>D\u00e9but du contrat de d&#8217;automne 2025<\/p>\n\n\n\n<hr class=\"wp-block-separator has-alpha-channel-opacity\"\/>\n\n\n\n<div class=\"wp-block-file\"><a id=\"wp-block-file--media-d9ff4c88-eb59-4b37-849f-fc37d20fede3\" href=\"http:\/\/fermedesluys.fr\/wp-content\/uploads\/2025\/10\/Semaine-4425.pdf\">Le champ des Luys &#8211; 4425<\/a><\/div>\n\n\n\n<div class=\"wp-block-file\"><a id=\"wp-block-file--media-bd89bd3a-b4a9-48ce-9000-18cbf071ebe2\" href=\"http:\/\/fermedesluys.fr\/wp-content\/uploads\/2025\/10\/Semaine-4325.pdf\">Le champ des Luys &#8211; 4325<\/a><\/div>\n\n\n\n<div class=\"wp-block-file\"><a id=\"wp-block-file--media-4b44f158-ca9f-4bf1-a804-4db154ac90c7\" href=\"http:\/\/fermedesluys.fr\/wp-content\/uploads\/2025\/10\/Semaine-4225.pdf\">Le champ des Luys &#8211; 4225<\/a><\/div>\n\n\n\n<div class=\"wp-block-file\"><a id=\"wp-block-file--media-cef4c315-afea-4f64-b5c0-540f0279e269\" href=\"http:\/\/fermedesluys.fr\/wp-content\/uploads\/2025\/10\/Semaine-4125.pdf\">Le champ des Luys &#8211; 4125<\/a><\/div>\n\n\n\n<div class=\"wp-block-file\"><a id=\"wp-block-file--media-14dc40d8-b8ec-4ac8-a534-9a1e45bae33a\" href=\"http:\/\/fermedesluys.fr\/wp-content\/uploads\/2025\/09\/Semaine-4025.pdf\">Le champ des Luys &#8211; 4025<\/a><\/div>\n\n\n\n<div class=\"wp-block-file\"><a id=\"wp-block-file--media-7742e206-0d03-4c0f-8c19-523be2097ced\" href=\"http:\/\/fermedesluys.fr\/wp-content\/uploads\/2025\/09\/Semaine-3925.pdf\">Le champ des Luys &#8211; 3925<\/a><\/div>\n\n\n\n<div class=\"wp-block-file\"><a id=\"wp-block-file--media-738cb8bb-83ad-4879-8fe1-7b013ffd09aa\" href=\"http:\/\/fermedesluys.fr\/wp-content\/uploads\/2025\/09\/Semaine-3825.pdf\">Le champ des Luys &#8211; 3825<\/a><\/div>\n\n\n\n<div class=\"wp-block-file\"><a id=\"wp-block-file--media-738cb8bb-83ad-4879-8fe1-7b013ffd09aa\" href=\"http:\/\/fermedesluys.fr\/wp-content\/uploads\/2025\/09\/Semaine-3725.pdf\">Le champ des Luys &#8211; 3725<\/a><\/div>\n\n\n\n<p>D\u00e9but du contrat de d&#8217;\u00e9t\u00e9 2025<\/p>\n\n\n\n<hr class=\"wp-block-separator has-alpha-channel-opacity\"\/>\n\n\n\n<div class=\"wp-block-file\"><a id=\"wp-block-file--media-785db262-b54f-4ebe-b2fe-9eec9a58d991\" href=\"http:\/\/fermedesluys.fr\/wp-content\/uploads\/2025\/07\/Semaine-2825.pdf\">Le champ des Luys &#8211; 2825<\/a><\/div>\n\n\n\n<div class=\"wp-block-file\"><a id=\"wp-block-file--media-594b49e9-304e-42fc-acd3-4b8271e64694\" href=\"http:\/\/fermedesluys.fr\/wp-content\/uploads\/2025\/07\/Semaine-2725.pdf\">Le champ des Luys &#8211; 2725<\/a><\/div>\n\n\n\n<div class=\"wp-block-file\"><a id=\"wp-block-file--media-cfce8026-6e99-49ba-a408-03da909ad025\" href=\"http:\/\/fermedesluys.fr\/wp-content\/uploads\/2025\/06\/Semaine-2625.pdf\">Le champ des Luys &#8211; 2625<\/a><\/div>\n\n\n\n<div class=\"wp-block-file\"><a id=\"wp-block-file--media-44c82074-62bc-4285-82bc-69d7a3eab5a6\" href=\"http:\/\/fermedesluys.fr\/wp-content\/uploads\/2025\/06\/Semaine-2525.pdf\">Le champ des Luys &#8211; 2525<\/a><\/div>\n\n\n\n<div class=\"wp-block-file\"><a id=\"wp-block-file--media-ed53ac55-70b2-42b3-a5d2-e670024a5c00\" href=\"http:\/\/fermedesluys.fr\/wp-content\/uploads\/2025\/06\/Semaine-2425.pdf\">Le champ des Luys &#8211; 2425<\/a><\/div>\n\n\n\n<div class=\"wp-block-file\"><a id=\"wp-block-file--media-08afc029-55c3-41c1-a377-8c1ad4c419aa\" href=\"http:\/\/fermedesluys.fr\/wp-content\/uploads\/2025\/06\/Semaine-2325.pdf\">Le champ des Luys &#8211; 2325<\/a><\/div>\n\n\n\n<div class=\"wp-block-file\"><a id=\"wp-block-file--media-f71d2a4a-f687-4f87-87a3-c3ce5db82872\" href=\"http:\/\/fermedesluys.fr\/wp-content\/uploads\/2025\/05\/Semaine-2225.pdf\">Le champ des Luys &#8211; 2225<\/a><\/div>\n\n\n\n<div class=\"wp-block-file\"><a id=\"wp-block-file--media-8834aaf8-6066-4b78-ab53-b576eb384964\" href=\"http:\/\/fermedesluys.fr\/wp-content\/uploads\/2025\/05\/Semaine-2125.pdf\">Le champ des Luys &#8211; 2125<\/a><\/div>\n\n\n\n<div class=\"wp-block-file\"><a id=\"wp-block-file--media-4882ffa2-c78d-46b2-869f-98d9d4bba778\" href=\"http:\/\/fermedesluys.fr\/wp-content\/uploads\/2025\/05\/Semaine-2025.pdf\">Le champ des Luys &#8211; 2025<\/a><\/div>\n\n\n\n<div class=\"wp-block-file\"><a id=\"wp-block-file--media-63988905-4b85-4eb9-a531-7953fb7a3f5c\" href=\"http:\/\/fermedesluys.fr\/wp-content\/uploads\/2025\/05\/Semaine-1925.pdf\">Le champ des Luys &#8211; 1925<\/a><\/div>\n\n\n\n<p>D\u00e9but du contrat de printemps 2025<\/p>\n\n\n\n<hr class=\"wp-block-separator has-alpha-channel-opacity\"\/>\n\n\n\n<div class=\"wp-block-file\"><a id=\"wp-block-file--media-437f968e-0d81-4ac4-b8a5-9e897c553aa5\" href=\"http:\/\/fermedesluys.fr\/wp-content\/uploads\/2025\/04\/Semaine-1825.pdf\">Le champ des Luys &#8211; 1825<\/a><\/div>\n\n\n\n<div class=\"wp-block-file\"><a id=\"wp-block-file--media-437f968e-0d81-4ac4-b8a5-9e897c553aa5\" href=\"http:\/\/fermedesluys.fr\/wp-content\/uploads\/2025\/04\/Semaine-1725.pdf\">Le champ des Luys &#8211; 1725<\/a><\/div>\n\n\n\n<div class=\"wp-block-file\"><a id=\"wp-block-file--media-905aee20-3b71-49f4-813e-b2096d81322b\" href=\"http:\/\/fermedesluys.fr\/wp-content\/uploads\/2025\/04\/Semaine-1625.pdf\">Le champ des Luys &#8211; 1625<\/a><\/div>\n\n\n\n<div class=\"wp-block-file\"><a id=\"wp-block-file--media-02c72863-d738-45fd-b2c5-a6a59baf2cdb\" href=\"http:\/\/fermedesluys.fr\/wp-content\/uploads\/2025\/04\/Semaine-1525.pdf\">Le champ des Luys &#8211; 1525<\/a><\/div>\n\n\n\n<div class=\"wp-block-file\"><a id=\"wp-block-file--media-17ba2959-1344-46f4-8ff9-9838e184244a\" href=\"http:\/\/fermedesluys.fr\/wp-content\/uploads\/2025\/03\/Semaine-1425.pdf\">Le champ des Luys &#8211; 1425<\/a><\/div>\n\n\n\n<div class=\"wp-block-file\"><a id=\"wp-block-file--media-74747349-04d8-49e0-861e-4179e9ed112d\" href=\"http:\/\/fermedesluys.fr\/wp-content\/uploads\/2025\/03\/Semaine-1325.pdf\">Le champ des Luys &#8211; 1325<\/a><\/div>\n\n\n\n<div class=\"wp-block-file\"><a id=\"wp-block-file--media-c2c17df7-dd79-4eaf-8b83-70508d1ca2e7\" href=\"http:\/\/fermedesluys.fr\/wp-content\/uploads\/2025\/03\/Semaine-1225.pdf\">Le champ des Luys &#8211; 1225<\/a><\/div>\n\n\n\n<div class=\"wp-block-file\"><a id=\"wp-block-file--media-c1f3808e-3e14-4539-bf1f-9f52d1e55249\" href=\"http:\/\/fermedesluys.fr\/wp-content\/uploads\/2025\/03\/Semaine-1125.pdf\">Le champ des Luys &#8211; 1125<\/a><\/div>\n\n\n\n<div class=\"wp-block-file\"><a id=\"wp-block-file--media-604aa840-5106-4e24-a751-a196816051f4\" href=\"http:\/\/fermedesluys.fr\/wp-content\/uploads\/2025\/03\/Semaine-1025.pdf\">Le champ des Luys &#8211; 1025<\/a><\/div>\n\n\n\n<div class=\"wp-block-file\"><a id=\"wp-block-file--media-b9066e10-0302-41ed-af3c-18a13b7c21ea\" href=\"http:\/\/fermedesluys.fr\/wp-content\/uploads\/2025\/02\/Semaine-0925.pdf\">Le champ des Luys &#8211; 0925<\/a><\/div>\n\n\n\n<div class=\"wp-block-file\"><a id=\"wp-block-file--media-006cbaa6-6084-438c-942e-44385419da02\" href=\"http:\/\/fermedesluys.fr\/wp-content\/uploads\/2025\/02\/Semaine-0825.pdf\">Le champ des Luys &#8211; 0825<\/a><\/div>\n\n\n\n<div class=\"wp-block-file\"><a id=\"wp-block-file--media-3c59629e-1a94-4187-9691-e62c99b04538\" href=\"http:\/\/fermedesluys.fr\/wp-content\/uploads\/2025\/02\/Semaine-0725.pdf\">Le champ des Luys &#8211; 0725<\/a><\/div>\n\n\n\n<div class=\"wp-block-file\"><a id=\"wp-block-file--media-10297c73-98f3-4944-8f2d-6c551d29d723\" href=\"http:\/\/fermedesluys.fr\/wp-content\/uploads\/2025\/02\/Semaine-0625.pdf\">Le champ des Luys &#8211; 0625<\/a><\/div>\n\n\n\n<p>D\u00e9but du contrat d&#8217;hiver 2025<\/p>\n\n\n\n<hr class=\"wp-block-separator has-alpha-channel-opacity\"\/>\n\n\n\n<div class=\"wp-block-file\"><a id=\"wp-block-file--media-632a16cd-f0ae-4635-b6d2-8b6509a32900\" href=\"http:\/\/fermedesluys.fr\/wp-content\/uploads\/2025\/01\/Semaine-0525.pdf\">Le champ des Luys &#8211; 0525<\/a><\/div>\n\n\n\n<div class=\"wp-block-file\"><a id=\"wp-block-file--media-76d9bc04-d95c-4b63-85b5-694455a3e423\" href=\"http:\/\/fermedesluys.fr\/wp-content\/uploads\/2025\/01\/Semaine-0425.pdf\">Le champ des Luys &#8211; 0425<\/a><\/div>\n\n\n\n<div class=\"wp-block-file\"><a id=\"wp-block-file--media-f5c217f0-c740-47d6-a774-19cd02dbafd3\" href=\"http:\/\/fermedesluys.fr\/wp-content\/uploads\/2025\/01\/Semaine-0325.pdf\">Le champ des Luys &#8211; 0325<\/a><\/div>\n\n\n\n<div class=\"wp-block-file\"><a id=\"wp-block-file--media-2e840773-acfa-4980-8400-6353f09aafde\" href=\"http:\/\/fermedesluys.fr\/wp-content\/uploads\/2025\/01\/Semaine-0225.pdf\">Le champ des Luys &#8211; 0225<\/a><\/div>\n\n\n\n<div class=\"wp-block-file\" style=\"margin-top:0px;margin-bottom:0px\"><a id=\"wp-block-file--media-cfe2aa84-8424-4691-9ea4-f2d7edb6dc80\" href=\"http:\/\/fermedesluys.fr\/wp-content\/uploads\/2024\/12\/Semaine-0125.pdf\"><br>Le champ des Luys &#8211; 0125<\/a><\/div>\n\n\n\n<p class=\"has-vivid-red-color has-text-color has-link-color has-extra-large-font-size wp-elements-4278faef1acabec8c28cd19af0896504\"><strong>Ann\u00e9e 2024<\/strong><\/p>\n\n\n\n<div class=\"wp-block-file\"><a id=\"wp-block-file--media-ccd75c62-423b-49e7-8066-2b350023fa41\" href=\"http:\/\/fermedesluys.fr\/wp-content\/uploads\/2024\/12\/Semaine-5224.pdf\">Le champ des Luys &#8211; 5224<\/a><\/div>\n\n\n\n<div class=\"wp-block-file\"><a id=\"wp-block-file--media-84baac34-47e8-442a-b310-42e376b41b7d\" href=\"http:\/\/fermedesluys.fr\/wp-content\/uploads\/2024\/12\/Semaine-5124.pdf\">Le champ des Luys &#8211; 5124<\/a><\/div>\n\n\n\n<div class=\"wp-block-file\"><a id=\"wp-block-file--media-4fa11ff5-b649-477c-ac65-e53e2a9b6401\" href=\"http:\/\/fermedesluys.fr\/wp-content\/uploads\/2024\/12\/Semaine-5024-.pdf\">Le champ des Luys &#8211; 5024<\/a><\/div>\n\n\n\n<div class=\"wp-block-file\"><a id=\"wp-block-file--media-424468e6-e5d1-4b8e-b164-c1362c369c53\" href=\"http:\/\/fermedesluys.fr\/wp-content\/uploads\/2024\/12\/Semaine-4924.pdf\">Le champ des Luys &#8211; 4924<\/a><\/div>\n\n\n\n<div class=\"wp-block-file\"><a id=\"wp-block-file--media-92141995-2464-4653-809c-2688df1e9dcc\" href=\"http:\/\/fermedesluys.fr\/wp-content\/uploads\/2024\/12\/Semaine-4724.pdf\">Le champ des Luys &#8211; 4724<\/a><\/div>\n\n\n\n<div class=\"wp-block-file\"><a id=\"wp-block-file--media-92141995-2464-4653-809c-2688df1e9dcc\" href=\"http:\/\/fermedesluys.fr\/wp-content\/uploads\/2024\/12\/Semaine-4824.pdf\">Le champ des Luys &#8211; 4824<\/a><\/div>\n<\/blockquote>\n","protected":false},"excerpt":{"rendered":"<p>La ferme \u00e9dite, toutes les semaines, une petite lettre partageant avec qui le veut les nouvelles de l&#8217;exploitation, une fiche sur un des produits de la ferme aussi et surtout le contenu du panier de la semaine.<\/p>\n","protected":false},"author":1,"featured_media":0,"parent":0,"menu_order":0,"comment_status":"closed","ping_status":"open","template":"","meta":{"footnotes":""},"class_list":["post-2","page","type-page","status-publish","hentry"],"_links":{"self":[{"href":"https:\/\/fermedesluys.fr\/index.php\/wp-json\/wp\/v2\/pages\/2","targetHints":{"allow":["GET"]}}],"collection":[{"href":"https:\/\/fermedesluys.fr\/index.php\/wp-json\/wp\/v2\/pages"}],"about":[{"href":"https:\/\/fermedesluys.fr\/index.php\/wp-json\/wp\/v2\/types\/page"}],"author":[{"embeddable":true,"href":"https:\/\/fermedesluys.fr\/index.php\/wp-json\/wp\/v2\/users\/1"}],"replies":[{"embeddable":true,"href":"https:\/\/fermedesluys.fr\/index.php\/wp-json\/wp\/v2\/comments?post=2"}],"version-history":[{"count":63,"href":"https:\/\/fermedesluys.fr\/index.php\/wp-json\/wp\/v2\/pages\/2\/revisions"}],"predecessor-version":[{"id":293,"href":"https:\/\/fermedesluys.fr\/index.php\/wp-json\/wp\/v2\/pages\/2\/revisions\/293"}],"wp:attachment":[{"href":"https:\/\/fermedesluys.fr\/index.php\/wp-json\/wp\/v2\/media?parent=2"}],"curies":[{"name":"wp","href":"https:\/\/api.w.org\/{rel}","templated":true}]}}