{"id":66,"date":"2024-08-17T13:07:20","date_gmt":"2024-08-17T11:07:20","guid":{"rendered":"https:\/\/fermedesluys.fr\/?page_id=66"},"modified":"2024-08-17T13:59:50","modified_gmt":"2024-08-17T11:59:50","slug":"la-ferme","status":"publish","type":"page","link":"https:\/\/fermedesluys.fr\/index.php\/la-ferme\/","title":{"rendered":"La ferme"},"content":{"rendered":"\n<div class=\"wp-block-media-text is-stacked-on-mobile is-image-fill\" style=\"grid-template-columns:45% auto\"><figure class=\"wp-block-media-text__media\" style=\"background-image:url(https:\/\/fermedesluys.fr\/wp-content\/uploads\/2024\/08\/DC8A8605-1024x682.jpg);background-position:50% 50%\"><img loading=\"lazy\" decoding=\"async\" width=\"1024\" height=\"682\" src=\"https:\/\/fermedesluys.fr\/wp-content\/uploads\/2024\/08\/DC8A8605-1024x682.jpg\" alt=\"\" class=\"wp-image-68 size-full\" srcset=\"https:\/\/fermedesluys.fr\/wp-content\/uploads\/2024\/08\/DC8A8605-1024x682.jpg 1024w, https:\/\/fermedesluys.fr\/wp-content\/uploads\/2024\/08\/DC8A8605-300x200.jpg 300w, https:\/\/fermedesluys.fr\/wp-content\/uploads\/2024\/08\/DC8A8605-768x512.jpg 768w, https:\/\/fermedesluys.fr\/wp-content\/uploads\/2024\/08\/DC8A8605.jpg 1280w\" sizes=\"auto, (max-width: 1024px) 100vw, 1024px\" \/><\/figure><div class=\"wp-block-media-text__content\">\n<p class=\"has-text-align-center has-text-color has-link-color wp-elements-1fab20509d5d3b7210eab295885aac2e\" style=\"color:#7c0000;font-size:24px;line-height:1.6\">Cette vieille ferme c\u00e9r\u00e9ali\u00e8re serroise a \u00e9t\u00e9 reprise au mois de d\u00e9cembre 2018 afin d&#8217;\u00eatre transform\u00e9e en ferme diversifi\u00e9e (l\u00e9gumes, \u0153ufs, miel, l\u00e9gumineuses, c\u00e9r\u00e9ales, &#8230;.). Pr\u00e8s de 15 hectares ont \u00e9t\u00e9 convertis aux pratiques de l&#8217;Agriculture Biologique.<\/p>\n<\/div><\/div>\n\n\n\n<p style=\"padding-top:10px;padding-bottom:10px\"><\/p>\n\n\n\n<div class=\"wp-block-media-text has-media-on-the-right is-stacked-on-mobile is-image-fill\" style=\"grid-template-columns:auto 45%\"><div class=\"wp-block-media-text__content\">\n<p class=\"has-text-align-center has-text-color has-link-color wp-elements-7066e5c0b9dbf45bef7b735d075213c2\" style=\"color:#7c0000;font-size:24px;line-height:1.6\">Nous produisons, toute l&#8217;ann\u00e9e, de quoi nourrir les habitants du secteur. Des l\u00e9gumes, mais aussi des fruits.<\/p>\n<\/div><figure class=\"wp-block-media-text__media\" style=\"background-image:url(https:\/\/fermedesluys.fr\/wp-content\/uploads\/2024\/08\/DC8A8742-1024x682.jpg);background-position:50% 50%\"><img loading=\"lazy\" decoding=\"async\" width=\"1024\" height=\"682\" src=\"https:\/\/fermedesluys.fr\/wp-content\/uploads\/2024\/08\/DC8A8742-1024x682.jpg\" alt=\"\" class=\"wp-image-69 size-full\" srcset=\"https:\/\/fermedesluys.fr\/wp-content\/uploads\/2024\/08\/DC8A8742-1024x682.jpg 1024w, https:\/\/fermedesluys.fr\/wp-content\/uploads\/2024\/08\/DC8A8742-300x200.jpg 300w, https:\/\/fermedesluys.fr\/wp-content\/uploads\/2024\/08\/DC8A8742-768x512.jpg 768w, https:\/\/fermedesluys.fr\/wp-content\/uploads\/2024\/08\/DC8A8742.jpg 1280w\" sizes=\"auto, (max-width: 1024px) 100vw, 1024px\" \/><\/figure><\/div>\n\n\n\n<p style=\"padding-top:10px;padding-bottom:10px\"><\/p>\n\n\n\n<div class=\"wp-block-media-text is-stacked-on-mobile is-image-fill\" style=\"grid-template-columns:45% auto\"><figure class=\"wp-block-media-text__media\" style=\"background-image:url(https:\/\/fermedesluys.fr\/wp-content\/uploads\/2024\/08\/DC8A8818-1024x682.jpg);background-position:50% 50%\"><img loading=\"lazy\" decoding=\"async\" width=\"1024\" height=\"682\" src=\"https:\/\/fermedesluys.fr\/wp-content\/uploads\/2024\/08\/DC8A8818-1024x682.jpg\" alt=\"\" class=\"wp-image-77 size-full\" srcset=\"https:\/\/fermedesluys.fr\/wp-content\/uploads\/2024\/08\/DC8A8818-1024x682.jpg 1024w, https:\/\/fermedesluys.fr\/wp-content\/uploads\/2024\/08\/DC8A8818-300x200.jpg 300w, https:\/\/fermedesluys.fr\/wp-content\/uploads\/2024\/08\/DC8A8818-768x512.jpg 768w, https:\/\/fermedesluys.fr\/wp-content\/uploads\/2024\/08\/DC8A8818.jpg 1280w\" sizes=\"auto, (max-width: 1024px) 100vw, 1024px\" \/><\/figure><div class=\"wp-block-media-text__content\">\n<p class=\"has-text-align-center has-text-color has-link-color wp-elements-c0a110534c364f514f034bb7f06cf924\" style=\"color:#7c0000;font-size:24px;line-height:1.6\">Nous \u00e9levons des poules qui nous donnent bien entendu de bons \u0153ufs fermiers, mais aussi divers produits d\u00e9riv\u00e9s (bocaux de poules, p\u00e2t\u00e9s, g\u00e9siers, &#8230;)<\/p>\n<\/div><\/div>\n\n\n\n<p><\/p>\n","protected":false},"excerpt":{"rendered":"<p>Cette vieille ferme c\u00e9r\u00e9ali\u00e8re serroise a \u00e9t\u00e9 reprise au mois de d\u00e9cembre 2018 afin d&#8217;\u00eatre transform\u00e9e en ferme diversifi\u00e9e (l\u00e9gumes, \u0153ufs, miel, l\u00e9gumineuses, c\u00e9r\u00e9ales, &#8230;.). Pr\u00e8s de 15 hectares ont \u00e9t\u00e9 convertis aux pratiques de l&#8217;Agriculture Biologique. Nous produisons, toute l&#8217;ann\u00e9e, de quoi nourrir les habitants du secteur. Des l\u00e9gumes, mais aussi des fruits. Nous [&hellip;]<\/p>\n","protected":false},"author":1,"featured_media":0,"parent":0,"menu_order":0,"comment_status":"closed","ping_status":"closed","template":"","meta":{"footnotes":""},"class_list":["post-66","page","type-page","status-publish","hentry"],"_links":{"self":[{"href":"https:\/\/fermedesluys.fr\/index.php\/wp-json\/wp\/v2\/pages\/66","targetHints":{"allow":["GET"]}}],"collection":[{"href":"https:\/\/fermedesluys.fr\/index.php\/wp-json\/wp\/v2\/pages"}],"about":[{"href":"https:\/\/fermedesluys.fr\/index.php\/wp-json\/wp\/v2\/types\/page"}],"author":[{"embeddable":true,"href":"https:\/\/fermedesluys.fr\/index.php\/wp-json\/wp\/v2\/users\/1"}],"replies":[{"embeddable":true,"href":"https:\/\/fermedesluys.fr\/index.php\/wp-json\/wp\/v2\/comments?post=66"}],"version-history":[{"count":6,"href":"https:\/\/fermedesluys.fr\/index.php\/wp-json\/wp\/v2\/pages\/66\/revisions"}],"predecessor-version":[{"id":93,"href":"https:\/\/fermedesluys.fr\/index.php\/wp-json\/wp\/v2\/pages\/66\/revisions\/93"}],"wp:attachment":[{"href":"https:\/\/fermedesluys.fr\/index.php\/wp-json\/wp\/v2\/media?parent=66"}],"curies":[{"name":"wp","href":"https:\/\/api.w.org\/{rel}","templated":true}]}}