{"id":80,"date":"2024-08-17T13:43:38","date_gmt":"2024-08-17T11:43:38","guid":{"rendered":"https:\/\/fermedesluys.fr\/?page_id=80"},"modified":"2024-08-17T21:15:34","modified_gmt":"2024-08-17T19:15:34","slug":"la-boutique","status":"publish","type":"page","link":"https:\/\/fermedesluys.fr\/index.php\/la-boutique\/","title":{"rendered":"La boutique"},"content":{"rendered":"\n<div class=\"wp-block-media-text has-media-on-the-right is-stacked-on-mobile is-image-fill\" style=\"grid-template-columns:auto 45%\"><div class=\"wp-block-media-text__content\">\n<p class=\"has-text-align-center has-text-color has-link-color wp-elements-fb72c59a9c6b2dbd36933d35bbf8a263\" style=\"color:#7c0000;font-size:24px;line-height:1.6\">Nous vous accueillons 2 fois par semaine (horaires en bas de page), dans la vieille b\u00e2tisse familiale am\u00e9nag\u00e9e en boutique fermi\u00e8re.<\/p>\n<\/div><figure class=\"wp-block-media-text__media\" style=\"background-image:url(https:\/\/fermedesluys.fr\/wp-content\/uploads\/2024\/08\/DC8A8896-1-1024x682.jpg);background-position:50% 50%\"><img loading=\"lazy\" decoding=\"async\" width=\"1024\" height=\"682\" src=\"https:\/\/fermedesluys.fr\/wp-content\/uploads\/2024\/08\/DC8A8896-1-1024x682.jpg\" alt=\"\" class=\"wp-image-123 size-full\" srcset=\"https:\/\/fermedesluys.fr\/wp-content\/uploads\/2024\/08\/DC8A8896-1-1024x682.jpg 1024w, https:\/\/fermedesluys.fr\/wp-content\/uploads\/2024\/08\/DC8A8896-1-300x200.jpg 300w, https:\/\/fermedesluys.fr\/wp-content\/uploads\/2024\/08\/DC8A8896-1-768x512.jpg 768w, https:\/\/fermedesluys.fr\/wp-content\/uploads\/2024\/08\/DC8A8896-1.jpg 1280w\" sizes=\"auto, (max-width: 1024px) 100vw, 1024px\" \/><\/figure><\/div>\n\n\n\n<p style=\"padding-top:10px;padding-bottom:10px\"><\/p>\n\n\n\n<div class=\"wp-block-media-text is-stacked-on-mobile is-image-fill\" style=\"grid-template-columns:45% auto\"><figure class=\"wp-block-media-text__media\" style=\"background-image:url(https:\/\/fermedesluys.fr\/wp-content\/uploads\/2024\/08\/DC8A8905-1-1024x682.jpg);background-position:50% 50%\"><img loading=\"lazy\" decoding=\"async\" width=\"1024\" height=\"682\" src=\"https:\/\/fermedesluys.fr\/wp-content\/uploads\/2024\/08\/DC8A8905-1-1024x682.jpg\" alt=\"\" class=\"wp-image-83 size-full\" srcset=\"https:\/\/fermedesluys.fr\/wp-content\/uploads\/2024\/08\/DC8A8905-1-1024x682.jpg 1024w, https:\/\/fermedesluys.fr\/wp-content\/uploads\/2024\/08\/DC8A8905-1-300x200.jpg 300w, https:\/\/fermedesluys.fr\/wp-content\/uploads\/2024\/08\/DC8A8905-1-768x512.jpg 768w, https:\/\/fermedesluys.fr\/wp-content\/uploads\/2024\/08\/DC8A8905-1.jpg 1280w\" sizes=\"auto, (max-width: 1024px) 100vw, 1024px\" \/><\/figure><div class=\"wp-block-media-text__content\">\n<p class=\"has-text-align-center has-text-color has-link-color wp-elements-df17e5daad64b7a635dea71f12409960\" style=\"color:#7c0000;font-size:24px;line-height:1.6\">Vous y trouverez :<br><br>Des l\u00e9gumes et les fruits de saison produits sur place.<\/p>\n<\/div><\/div>\n\n\n\n<p style=\"padding-top:10px;padding-bottom:10px\"><\/p>\n\n\n\n<div class=\"wp-block-media-text has-media-on-the-right is-stacked-on-mobile is-image-fill\" style=\"grid-template-columns:auto 45%\"><div class=\"wp-block-media-text__content\">\n<p class=\"has-text-align-center has-text-color has-link-color wp-elements-264c5bc9e7f8debafc74003b13ed42bd\" style=\"color:#7c0000;font-size:24px;line-height:1.6\">Diverses transformations que nous faisons faire \u00e0 un professionnel pour les viandes et que nous faisons nous-m\u00eames pour les l\u00e9gumes.<\/p>\n<\/div><figure class=\"wp-block-media-text__media\" style=\"background-image:url(https:\/\/fermedesluys.fr\/wp-content\/uploads\/2024\/08\/DC8A8972-1.jpg);background-position:50% 50%\"><img loading=\"lazy\" decoding=\"async\" width=\"640\" height=\"427\" src=\"https:\/\/fermedesluys.fr\/wp-content\/uploads\/2024\/08\/DC8A8972-1.jpg\" alt=\"\" class=\"wp-image-85 size-full\" srcset=\"https:\/\/fermedesluys.fr\/wp-content\/uploads\/2024\/08\/DC8A8972-1.jpg 640w, https:\/\/fermedesluys.fr\/wp-content\/uploads\/2024\/08\/DC8A8972-1-300x200.jpg 300w\" sizes=\"auto, (max-width: 640px) 100vw, 640px\" \/><\/figure><\/div>\n\n\n\n<p style=\"padding-top:10px;padding-bottom:10px\"><\/p>\n\n\n\n<div class=\"wp-block-media-text is-stacked-on-mobile is-image-fill\" style=\"grid-template-columns:45% auto\"><figure class=\"wp-block-media-text__media\" style=\"background-image:url(http:\/\/fermedesluys.fr\/wp-content\/uploads\/2024\/08\/DC8A8937-1024x682.jpg);background-position:50% 50%\"><img loading=\"lazy\" decoding=\"async\" width=\"1024\" height=\"682\" src=\"http:\/\/fermedesluys.fr\/wp-content\/uploads\/2024\/08\/DC8A8937-1024x682.jpg\" alt=\"\" class=\"wp-image-70 size-full\" srcset=\"https:\/\/fermedesluys.fr\/wp-content\/uploads\/2024\/08\/DC8A8937-1024x682.jpg 1024w, https:\/\/fermedesluys.fr\/wp-content\/uploads\/2024\/08\/DC8A8937-300x200.jpg 300w, https:\/\/fermedesluys.fr\/wp-content\/uploads\/2024\/08\/DC8A8937-768x512.jpg 768w, https:\/\/fermedesluys.fr\/wp-content\/uploads\/2024\/08\/DC8A8937.jpg 1280w\" sizes=\"auto, (max-width: 1024px) 100vw, 1024px\" \/><\/figure><div class=\"wp-block-media-text__content\">\n<p class=\"has-text-align-center has-text-color has-link-color wp-elements-a4988d06d665dbce31b4f157b4f5f0a7\" style=\"color:#7c0000;font-size:24px;line-height:1.6\">Mais \u00e9galement les produits de fermes amies avec qui nous travaillons en parfaite confiance depuis plusieurs ann\u00e9es (agrumes, pommes, kiwis, pains, produits laitiers, bi\u00e8res, &#8230;) car nous partageons des valeurs communes.<\/p>\n<\/div><\/div>\n","protected":false},"excerpt":{"rendered":"<p>Nous vous accueillons 2 fois par semaine (horaires en bas de page), dans la vieille b\u00e2tisse familiale am\u00e9nag\u00e9e en boutique fermi\u00e8re. Vous y trouverez : Des l\u00e9gumes et les fruits de saison produits sur place. Diverses transformations que nous faisons faire \u00e0 un professionnel pour les viandes et que nous faisons nous-m\u00eames pour les l\u00e9gumes. [&hellip;]<\/p>\n","protected":false},"author":1,"featured_media":0,"parent":0,"menu_order":0,"comment_status":"closed","ping_status":"closed","template":"","meta":{"footnotes":""},"class_list":["post-80","page","type-page","status-publish","hentry"],"_links":{"self":[{"href":"https:\/\/fermedesluys.fr\/index.php\/wp-json\/wp\/v2\/pages\/80","targetHints":{"allow":["GET"]}}],"collection":[{"href":"https:\/\/fermedesluys.fr\/index.php\/wp-json\/wp\/v2\/pages"}],"about":[{"href":"https:\/\/fermedesluys.fr\/index.php\/wp-json\/wp\/v2\/types\/page"}],"author":[{"embeddable":true,"href":"https:\/\/fermedesluys.fr\/index.php\/wp-json\/wp\/v2\/users\/1"}],"replies":[{"embeddable":true,"href":"https:\/\/fermedesluys.fr\/index.php\/wp-json\/wp\/v2\/comments?post=80"}],"version-history":[{"count":10,"href":"https:\/\/fermedesluys.fr\/index.php\/wp-json\/wp\/v2\/pages\/80\/revisions"}],"predecessor-version":[{"id":130,"href":"https:\/\/fermedesluys.fr\/index.php\/wp-json\/wp\/v2\/pages\/80\/revisions\/130"}],"wp:attachment":[{"href":"https:\/\/fermedesluys.fr\/index.php\/wp-json\/wp\/v2\/media?parent=80"}],"curies":[{"name":"wp","href":"https:\/\/api.w.org\/{rel}","templated":true}]}}