{"id":91,"date":"2024-08-17T14:20:15","date_gmt":"2024-08-17T12:20:15","guid":{"rendered":"https:\/\/fermedesluys.fr\/?page_id=91"},"modified":"2026-05-04T23:20:47","modified_gmt":"2026-05-04T21:20:47","slug":"les-paniers","status":"publish","type":"page","link":"https:\/\/fermedesluys.fr\/index.php\/les-paniers\/","title":{"rendered":"Les paniers"},"content":{"rendered":"\n<div class=\"wp-block-media-text is-stacked-on-mobile is-image-fill-element\" style=\"grid-template-columns:46% auto\"><figure class=\"wp-block-media-text__media\"><img loading=\"lazy\" decoding=\"async\" width=\"1024\" height=\"682\" src=\"https:\/\/fermedesluys.fr\/wp-content\/uploads\/2024\/08\/DC8A8906-1024x682.jpg\" alt=\"\" class=\"wp-image-92 size-full\" style=\"object-position:50% 50%\" srcset=\"https:\/\/fermedesluys.fr\/wp-content\/uploads\/2024\/08\/DC8A8906-1024x682.jpg 1024w, https:\/\/fermedesluys.fr\/wp-content\/uploads\/2024\/08\/DC8A8906-300x200.jpg 300w, https:\/\/fermedesluys.fr\/wp-content\/uploads\/2024\/08\/DC8A8906-768x512.jpg 768w, https:\/\/fermedesluys.fr\/wp-content\/uploads\/2024\/08\/DC8A8906.jpg 1280w\" sizes=\"auto, (max-width: 1024px) 100vw, 1024px\" \/><\/figure><div class=\"wp-block-media-text__content\">\n<p class=\"has-text-align-center has-text-color has-link-color wp-elements-300fc2e11631e55e6b624f0c4fda811b\" style=\"color:#7c0000;font-size:24px;line-height:1.6\">Nous fournissons chaque semaine, des paniers compos\u00e9s par nos soins, avec les l\u00e9gumes de saison. A ces l\u00e9gumes, vous pouvez ajouter diverses options : \u0153ufs, pains, fruits, champignons,  &#8230;<\/p>\n<\/div><\/div>\n\n\n\n<p style=\"padding-top:10px;padding-bottom:10px\"><\/p>\n\n\n\n<div class=\"wp-block-media-text has-media-on-the-right is-stacked-on-mobile is-image-fill-element\" style=\"grid-template-columns:auto 46%\"><div class=\"wp-block-media-text__content\">\n<p class=\"has-text-align-center has-text-color has-link-color wp-elements-11e674276549f226368198ef050d3f70\" style=\"color:#7c0000;font-size:24px;line-height:1.6\">Pour b\u00e9n\u00e9ficier de ces paniers, il vous faut passer un contrat de commande, comme on peut le faire dans une AMAP, mais avec une plus grande souplesse (changement de jour possible, annulation de panier possible, contrat de plus courte dur\u00e9e, &#8230;) .<\/p>\n<\/div><figure class=\"wp-block-media-text__media\"><img loading=\"lazy\" decoding=\"async\" width=\"1024\" height=\"768\" src=\"https:\/\/fermedesluys.fr\/wp-content\/uploads\/2024\/08\/IMG_20240716_122143-1024x768.jpg\" alt=\"\" class=\"wp-image-95 size-full\" style=\"object-position:50% 50%\" srcset=\"https:\/\/fermedesluys.fr\/wp-content\/uploads\/2024\/08\/IMG_20240716_122143-1024x768.jpg 1024w, https:\/\/fermedesluys.fr\/wp-content\/uploads\/2024\/08\/IMG_20240716_122143-300x225.jpg 300w, https:\/\/fermedesluys.fr\/wp-content\/uploads\/2024\/08\/IMG_20240716_122143-768x576.jpg 768w, https:\/\/fermedesluys.fr\/wp-content\/uploads\/2024\/08\/IMG_20240716_122143-1536x1152.jpg 1536w, https:\/\/fermedesluys.fr\/wp-content\/uploads\/2024\/08\/IMG_20240716_122143-2048x1536.jpg 2048w\" sizes=\"auto, (max-width: 1024px) 100vw, 1024px\" \/><\/figure><\/div>\n\n\n\n<p style=\"padding-top:10px;padding-bottom:10px\"><\/p>\n\n\n\n<div class=\"wp-block-media-text is-stacked-on-mobile is-image-fill-element\" style=\"grid-template-columns:46% auto\"><figure class=\"wp-block-media-text__media\"><img loading=\"lazy\" decoding=\"async\" width=\"1024\" height=\"682\" src=\"https:\/\/fermedesluys.fr\/wp-content\/uploads\/2024\/08\/DC8A8896-1024x682.jpg\" alt=\"\" class=\"wp-image-96 size-full\" style=\"object-position:50% 50%\" srcset=\"https:\/\/fermedesluys.fr\/wp-content\/uploads\/2024\/08\/DC8A8896-1024x682.jpg 1024w, https:\/\/fermedesluys.fr\/wp-content\/uploads\/2024\/08\/DC8A8896-300x200.jpg 300w, https:\/\/fermedesluys.fr\/wp-content\/uploads\/2024\/08\/DC8A8896-768x512.jpg 768w, https:\/\/fermedesluys.fr\/wp-content\/uploads\/2024\/08\/DC8A8896.jpg 1280w\" sizes=\"auto, (max-width: 1024px) 100vw, 1024px\" \/><\/figure><div class=\"wp-block-media-text__content\">\n<p class=\"has-text-align-center has-text-color has-link-color wp-elements-dfc1278e84bfc1d6a8201382ee4e01c3\" style=\"color:#7c0000;font-size:24px;line-height:1.6\">Ces contrats courent sur une dur\u00e9e maximale de 3 mois, payable \u00e0 l&#8217;avance (possibilit\u00e9 de payer en 2 fois) et doivent \u00eatre r\u00e9gl\u00e9s avant la premi\u00e8re livraison.<\/p>\n\n\n\n<p class=\"has-text-align-center has-text-color has-link-color wp-elements-ed9f06eedb6d68167125caac55eb433c\" style=\"color:#7c0000;font-size:24px;line-height:1.6\">Les paniers sont \u00e0 r\u00e9cup\u00e9rer aux horaires de la boutique ou \u00e0 d&#8217;autres moments selon une organisation \u00e0 pr\u00e9voir \u00e0 l&#8217;avance.<\/p>\n<\/div><\/div>\n\n\n\n<p style=\"padding-top:20px;padding-bottom:20px\"><\/p>\n\n\n\n<p class=\"has-text-align-center has-link-color wp-elements-d3efbadf073e176685aa1eecab39e608\" style=\"padding-top:10px;padding-bottom:25px;font-size:46px;line-height:1.6\"><strong><a href=\"https:\/\/forms.gle\/eE2X8zLS9V2jgJoC7\" target=\"_blank\" rel=\"noreferrer noopener\">S&#8217;inscrire aux paniers de la ferme des Luys<\/a><\/strong><\/p>\n","protected":false},"excerpt":{"rendered":"<p>Nous fournissons chaque semaine, des paniers compos\u00e9s par nos soins, avec les l\u00e9gumes de saison. A ces l\u00e9gumes, vous pouvez ajouter diverses options : \u0153ufs, pains, fruits, champignons, &#8230; Pour b\u00e9n\u00e9ficier de ces paniers, il vous faut passer un contrat de commande, comme on peut le faire dans une AMAP, mais avec une plus grande [&hellip;]<\/p>\n","protected":false},"author":1,"featured_media":0,"parent":0,"menu_order":0,"comment_status":"closed","ping_status":"closed","template":"","meta":{"footnotes":""},"class_list":["post-91","page","type-page","status-publish","hentry"],"_links":{"self":[{"href":"https:\/\/fermedesluys.fr\/index.php\/wp-json\/wp\/v2\/pages\/91","targetHints":{"allow":["GET"]}}],"collection":[{"href":"https:\/\/fermedesluys.fr\/index.php\/wp-json\/wp\/v2\/pages"}],"about":[{"href":"https:\/\/fermedesluys.fr\/index.php\/wp-json\/wp\/v2\/types\/page"}],"author":[{"embeddable":true,"href":"https:\/\/fermedesluys.fr\/index.php\/wp-json\/wp\/v2\/users\/1"}],"replies":[{"embeddable":true,"href":"https:\/\/fermedesluys.fr\/index.php\/wp-json\/wp\/v2\/comments?post=91"}],"version-history":[{"count":11,"href":"https:\/\/fermedesluys.fr\/index.php\/wp-json\/wp\/v2\/pages\/91\/revisions"}],"predecessor-version":[{"id":296,"href":"https:\/\/fermedesluys.fr\/index.php\/wp-json\/wp\/v2\/pages\/91\/revisions\/296"}],"wp:attachment":[{"href":"https:\/\/fermedesluys.fr\/index.php\/wp-json\/wp\/v2\/media?parent=91"}],"curies":[{"name":"wp","href":"https:\/\/api.w.org\/{rel}","templated":true}]}}